{"id":20,"date":"2025-07-18T05:41:04","date_gmt":"2025-07-18T05:41:04","guid":{"rendered":"https:\/\/rescatemigratorio.com\/?page_id=20"},"modified":"2025-09-10T23:20:43","modified_gmt":"2025-09-10T23:20:43","slug":"home","status":"publish","type":"page","link":"https:\/\/rescatemigratorio.com\/en\/","title":{"rendered":"Home"},"content":{"rendered":"<div data-elementor-type=\"wp-page\" data-elementor-id=\"20\" class=\"elementor elementor-20\" data-elementor-post-type=\"page\">\n\t\t\t\t<div class=\"elementor-element elementor-element-fecedde e-flex e-con-boxed wpr-particle-no wpr-jarallax-no wpr-parallax-no wpr-sticky-section-no wpr-equal-height-no e-con e-parent\" data-id=\"fecedde\" data-element_type=\"container\" data-e-type=\"container\" data-settings=\"{&quot;background_background&quot;:&quot;classic&quot;}\">\n\t\t\t\t\t<div class=\"e-con-inner\">\n\t\t\t\t<div class=\"elementor-element elementor-element-8d8da04 elementor-widget elementor-widget-spacer\" data-id=\"8d8da04\" data-element_type=\"widget\" data-e-type=\"widget\" data-widget_type=\"spacer.default\">\n\t\t\t\t<div class=\"elementor-widget-container\">\n\t\t\t\t\t\t\t<div class=\"elementor-spacer\">\n\t\t\t<div class=\"elementor-spacer-inner\"><\/div>\n\t\t<\/div>\n\t\t\t\t\t\t<\/div>\n\t\t\t\t<\/div>\n\t\t\t\t<div class=\"elementor-element elementor-element-9060fd8 elementor-widget elementor-widget-heading\" data-id=\"9060fd8\" data-element_type=\"widget\" data-e-type=\"widget\" data-widget_type=\"heading.default\">\n\t\t\t\t<div class=\"elementor-widget-container\">\n\t\t\t\t\t<h2 class=\"elementor-heading-title elementor-size-default\">Has someone you know been detained by ICE?<\/h2>\t\t\t\t<\/div>\n\t\t\t\t<\/div>\n\t\t\t\t<div class=\"elementor-element elementor-element-e459175 elementor-align-center elementor-hidden-desktop elementor-widget elementor-widget-button\" data-id=\"e459175\" data-element_type=\"widget\" data-e-type=\"widget\" data-widget_type=\"button.default\">\n\t\t\t\t<div class=\"elementor-widget-container\">\n\t\t\t\t\t\t\t\t\t<div class=\"elementor-button-wrapper\">\n\t\t\t\t\t<a class=\"elementor-button elementor-button-link elementor-size-sm\" href=\"tel:+14052729393\">\n\t\t\t\t\t\t<span class=\"elementor-button-content-wrapper\">\n\t\t\t\t\t\t\t\t\t<span class=\"elementor-button-text\">CALL NOW!<\/span>\n\t\t\t\t\t<\/span>\n\t\t\t\t\t<\/a>\n\t\t\t\t<\/div>\n\t\t\t\t\t\t\t\t<\/div>\n\t\t\t\t<\/div>\n\t\t\t\t<div class=\"elementor-element elementor-element-17d7453 elementor-align-center elementor-hidden-desktop elementor-widget elementor-widget-button\" data-id=\"17d7453\" data-element_type=\"widget\" data-e-type=\"widget\" data-widget_type=\"button.default\">\n\t\t\t\t<div class=\"elementor-widget-container\">\n\t\t\t\t\t\t\t\t\t<div class=\"elementor-button-wrapper\">\n\t\t\t\t\t<a class=\"elementor-button elementor-button-link elementor-size-sm\" href=\"https:\/\/rescatemigratorio.com\/en\/noticias\/\">\n\t\t\t\t\t\t<span class=\"elementor-button-content-wrapper\">\n\t\t\t\t\t\t\t\t\t<span class=\"elementor-button-text\">News<\/span>\n\t\t\t\t\t<\/span>\n\t\t\t\t\t<\/a>\n\t\t\t\t<\/div>\n\t\t\t\t\t\t\t\t<\/div>\n\t\t\t\t<\/div>\n\t\t<div class=\"elementor-element elementor-element-7c300e8 e-con-full e-flex wpr-particle-no wpr-jarallax-no wpr-parallax-no wpr-sticky-section-no wpr-equal-height-no e-con e-child\" data-id=\"7c300e8\" data-element_type=\"container\" data-e-type=\"container\" data-settings=\"{&quot;background_background&quot;:&quot;classic&quot;}\">\n\t\t\t\t<div class=\"elementor-element elementor-element-039b6c2 elementor-widget elementor-widget-video\" data-id=\"039b6c2\" data-element_type=\"widget\" data-e-type=\"widget\" data-settings=\"{&quot;youtube_url&quot;:&quot;https:\\\/\\\/youtu.be\\\/nUueSXVt8ZU&quot;,&quot;video_type&quot;:&quot;youtube&quot;}\" data-no-translation=\"\" data-widget_type=\"video.default\">\n\t\t\t\t<div class=\"elementor-widget-container\">\n\t\t\t\t\t<style>.elementor-element-039b6c2{display:none !important}<\/style>\t\t\t\t<\/div>\n\t\t\t\t<\/div>\n\t\t\t\t<div class=\"elementor-element elementor-element-66834e6 elementor-widget elementor-widget-video\" data-id=\"66834e6\" data-element_type=\"widget\" data-e-type=\"widget\" data-settings=\"{&quot;youtube_url&quot;:&quot;https:\\\/\\\/youtu.be\\\/nJenfhyjjIs&quot;,&quot;video_type&quot;:&quot;youtube&quot;}\" data-no-translation=\"\" data-widget_type=\"video.default\">\n\t\t\t\t<div class=\"elementor-widget-container\">\n\t\t\t\t\t\t\t<div class=\"elementor-wrapper elementor-open-inline\">\n\t\t\t<div class=\"elementor-video\"><\/div>\t\t<\/div>\n\t\t\t\t\t\t<\/div>\n\t\t\t\t<\/div>\n\t\t\t\t<\/div>\n\t\t\t\t\t<\/div>\n\t\t\t\t<\/div>\n\t\t<div class=\"elementor-element elementor-element-9e677ab e-flex e-con-boxed wpr-particle-no wpr-jarallax-no wpr-parallax-no wpr-sticky-section-no wpr-equal-height-no e-con e-parent\" data-id=\"9e677ab\" data-element_type=\"container\" data-e-type=\"container\" data-settings=\"{&quot;background_background&quot;:&quot;classic&quot;}\">\n\t\t\t\t\t<div class=\"e-con-inner\">\n\t\t\t\t<div class=\"elementor-element elementor-element-b58f0ec elementor-widget elementor-widget-spacer\" data-id=\"b58f0ec\" data-element_type=\"widget\" data-e-type=\"widget\" data-widget_type=\"spacer.default\">\n\t\t\t\t<div class=\"elementor-widget-container\">\n\t\t\t\t\t\t\t<div class=\"elementor-spacer\">\n\t\t\t<div class=\"elementor-spacer-inner\"><\/div>\n\t\t<\/div>\n\t\t\t\t\t\t<\/div>\n\t\t\t\t<\/div>\n\t\t\t\t<div class=\"elementor-element elementor-element-ed288d2 elementor-widget elementor-widget-text-editor\" data-id=\"ed288d2\" data-element_type=\"widget\" data-e-type=\"widget\" data-widget_type=\"text-editor.default\">\n\t\t\t\t<div class=\"elementor-widget-container\">\n\t\t\t\t\t\t\t\t\t<p class=\"translation-block\"><strong>You are not alone<\/strong>: at Michael Brooks Jim\u00e9nez P.C., we are here to help you, wherever you are.<\/p><p class=\"translation-block\">Act quickly and complete the form below at any time of the day. Our legal team will review your case and contact you as soon as possible.<\/p><p>The sooner we have the information about what happened, the faster we can take action to fight for your loved one's freedom.<\/p>\t\t\t\t\t\t\t\t<\/div>\n\t\t\t\t<\/div>\n\t\t\t\t\t<\/div>\n\t\t\t\t<\/div>\n\t\t<div class=\"elementor-element elementor-element-12915a7 e-flex e-con-boxed wpr-particle-no wpr-jarallax-no wpr-parallax-no wpr-sticky-section-no wpr-equal-height-no e-con e-parent\" data-id=\"12915a7\" data-element_type=\"container\" data-e-type=\"container\" data-settings=\"{&quot;background_background&quot;:&quot;classic&quot;}\">\n\t\t\t\t\t<div class=\"e-con-inner\">\n\t\t<div class=\"elementor-element elementor-element-227c4bb e-con-full e-flex wpr-particle-no wpr-jarallax-no wpr-parallax-no wpr-sticky-section-no wpr-equal-height-no e-con e-child\" data-id=\"227c4bb\" data-element_type=\"container\" data-e-type=\"container\">\n\t\t\t\t<\/div>\n\t\t<div class=\"elementor-element elementor-element-9956a6e e-con-full e-flex wpr-particle-no wpr-jarallax-no wpr-parallax-no wpr-sticky-section-no wpr-equal-height-no e-con e-child\" data-id=\"9956a6e\" data-element_type=\"container\" data-e-type=\"container\">\n\t\t\t\t<div class=\"elementor-element elementor-element-3018be6 elementor-widget elementor-widget-heading\" data-id=\"3018be6\" data-element_type=\"widget\" data-e-type=\"widget\" data-widget_type=\"heading.default\">\n\t\t\t\t<div class=\"elementor-widget-container\">\n\t\t\t\t\t<h2 class=\"elementor-heading-title elementor-size-default\">Form<\/h2>\t\t\t\t<\/div>\n\t\t\t\t<\/div>\n\t\t\t\t<div class=\"elementor-element elementor-element-150378f elementor-widget elementor-widget-elementskit-contact-form7\" data-id=\"150378f\" data-element_type=\"widget\" data-e-type=\"widget\" data-widget_type=\"elementskit-contact-form7.default\">\n\t\t\t\t<div class=\"elementor-widget-container\">\n\t\t\t\t\t<div class=\"ekit-wid-con\" ><div class=\"ekit-form\">\n<div class=\"wpcf7 no-js\" id=\"wpcf7-f50-p20-o1\" lang=\"es-CO\" dir=\"ltr\" data-wpcf7-id=\"50\">\n<div class=\"screen-reader-response\"><p role=\"status\" aria-live=\"polite\" aria-atomic=\"true\"><\/p> <ul><\/ul><\/div>\n<form action=\"\/en\/#wpcf7-f50-p20-o1\" method=\"post\" class=\"wpcf7-form init\" aria-label=\"Formulario de contacto\" novalidate=\"novalidate\" data-status=\"init\" data-trp-original-action=\"\/#wpcf7-f50-p20-o1\">\n<fieldset class=\"hidden-fields-container\"><input type=\"hidden\" name=\"_wpcf7\" value=\"50\" \/><input type=\"hidden\" name=\"_wpcf7_version\" value=\"6.1.4\" \/><input type=\"hidden\" name=\"_wpcf7_locale\" value=\"es_CO\" \/><input type=\"hidden\" name=\"_wpcf7_unit_tag\" value=\"wpcf7-f50-p20-o1\" \/><input type=\"hidden\" name=\"_wpcf7_container_post\" value=\"20\" \/><input type=\"hidden\" name=\"_wpcf7_posted_data_hash\" value=\"\" \/>\n<\/fieldset>\n<p><label> Name of the detained person<br \/>\n<span class=\"wpcf7-form-control-wrap\" data-name=\"nombredelapersonadetenida\"><input size=\"40\" maxlength=\"400\" class=\"wpcf7-form-control wpcf7-text wpcf7-validates-as-required\" aria-required=\"true\" aria-invalid=\"false\" value=\"\" type=\"text\" name=\"nombredelapersonadetenida\" \/><\/span> <\/label>\n<\/p>\n<p><label> Name of the contact person<br \/>\n<span class=\"wpcf7-form-control-wrap\" data-name=\"nombredelcontacto\"><input size=\"40\" maxlength=\"400\" class=\"wpcf7-form-control wpcf7-text wpcf7-validates-as-required\" autocomplete=\"name\" aria-required=\"true\" aria-invalid=\"false\" value=\"\" type=\"text\" name=\"nombredelcontacto\" \/><\/span> <\/label>\n<\/p>\n<p><label> Contact number<br \/>\n<span class=\"wpcf7-form-control-wrap\" data-name=\"telefonodecontacto\"><input class=\"wpcf7-form-control wpcf7-number wpcf7-validates-as-required wpcf7-validates-as-number\" aria-required=\"true\" aria-invalid=\"false\" value=\"\" type=\"number\" name=\"telefonodecontacto\" \/><\/span><\/label>\n<\/p>\n<p><label> Contact Email<br \/>\n<span class=\"wpcf7-form-control-wrap\" data-name=\"email\"><input size=\"40\" maxlength=\"400\" class=\"wpcf7-form-control wpcf7-email wpcf7-validates-as-required wpcf7-text wpcf7-validates-as-email\" autocomplete=\"email\" aria-required=\"true\" aria-invalid=\"false\" value=\"\" type=\"email\" name=\"email\" \/><\/span> <\/label>\n<\/p>\n<p><label> Name of the detention center or prison<br \/>\n<span class=\"wpcf7-form-control-wrap\" data-name=\"nombredecarcel\"><input size=\"40\" maxlength=\"400\" class=\"wpcf7-form-control wpcf7-text wpcf7-validates-as-required\" aria-required=\"true\" aria-invalid=\"false\" value=\"\" type=\"text\" name=\"nombredecarcel\" \/><\/span> <\/label>\n<\/p>\n<p><label> Brief description of what happened<br \/>\n<span class=\"wpcf7-form-control-wrap\" data-name=\"quepaso\"><input size=\"40\" maxlength=\"400\" class=\"wpcf7-form-control wpcf7-text wpcf7-validates-as-required\" aria-required=\"true\" aria-invalid=\"false\" value=\"\" type=\"text\" name=\"quepaso\" \/><\/span> <\/label>\n<\/p>\n<p><input class=\"wpcf7-form-control wpcf7-submit has-spinner\" type=\"submit\" value=\"Request help now\" \/>\n<\/p><div class=\"wpcf7-response-output\" aria-hidden=\"true\"><\/div>\n<input type=\"hidden\" name=\"trp-form-language\" value=\"en\"\/><\/form>\n<\/div>\n<\/div><\/div>\t\t\t\t<\/div>\n\t\t\t\t<\/div>\n\t\t\t\t<\/div>\n\t\t\t\t\t<\/div>\n\t\t\t\t<\/div>\n\t\t<div class=\"elementor-element elementor-element-5bccc1b e-flex e-con-boxed wpr-particle-no wpr-jarallax-no wpr-parallax-no wpr-sticky-section-no wpr-equal-height-no e-con e-parent\" data-id=\"5bccc1b\" data-element_type=\"container\" data-e-type=\"container\" data-settings=\"{&quot;background_background&quot;:&quot;classic&quot;}\">\n\t\t\t\t\t<div class=\"e-con-inner\">\n\t\t<div class=\"elementor-element elementor-element-7cfc7c0 e-con-full e-flex wpr-particle-no wpr-jarallax-no wpr-parallax-no wpr-sticky-section-no wpr-equal-height-no e-con e-child\" data-id=\"7cfc7c0\" data-element_type=\"container\" data-e-type=\"container\">\n\t\t\t\t<div class=\"elementor-element elementor-element-f103cbb elementor-widget elementor-widget-text-editor\" data-id=\"f103cbb\" data-element_type=\"widget\" data-e-type=\"widget\" data-widget_type=\"text-editor.default\">\n\t\t\t\t<div class=\"elementor-widget-container\">\n\t\t\t\t\t\t\t\t\t<p>Rescatemigratorio.com is an informational and legal contact portal operated by Michael Brooks Jim\u00e9nez P.C. Completing this form does not guarantee legal representation, but it allows our team to review your case as soon as possible. All information will be handled with strict confidentiality and will only be used for legal assistance purposes.<\/p>\t\t\t\t\t\t\t\t<\/div>\n\t\t\t\t<\/div>\n\t\t\t\t<\/div>\n\t\t<div class=\"elementor-element elementor-element-3392180 e-con-full e-flex wpr-particle-no wpr-jarallax-no wpr-parallax-no wpr-sticky-section-no wpr-equal-height-no e-con e-child\" data-id=\"3392180\" data-element_type=\"container\" data-e-type=\"container\">\n\t\t\t\t<div class=\"elementor-element elementor-element-194e4fc elementor-widget elementor-widget-image\" data-id=\"194e4fc\" data-element_type=\"widget\" data-e-type=\"widget\" data-widget_type=\"image.default\">\n\t\t\t\t<div class=\"elementor-widget-container\">\n\t\t\t\t\t\t\t\t\t\t\t\t\t\t\t<img fetchpriority=\"high\" decoding=\"async\" width=\"484\" height=\"104\" src=\"https:\/\/rescatemigratorio.com\/wp-content\/uploads\/2025\/07\/rescate_migratorio_logo-inv.png\" class=\"attachment-large size-large wp-image-40\" alt=\"\" srcset=\"https:\/\/rescatemigratorio.com\/wp-content\/uploads\/2025\/07\/rescate_migratorio_logo-inv.png 484w, https:\/\/rescatemigratorio.com\/wp-content\/uploads\/2025\/07\/rescate_migratorio_logo-inv-300x64.png 300w\" sizes=\"(max-width: 484px) 100vw, 484px\" \/>\t\t\t\t\t\t\t\t\t\t\t\t\t\t\t<\/div>\n\t\t\t\t<\/div>\n\t\t\t\t<\/div>\n\t\t\t\t\t<\/div>\n\t\t\t\t<\/div>\n\t\t\t\t<\/div>","protected":false},"excerpt":{"rendered":"<p>\u00bfALGUIEN QUE CONOCES FUE DETENIDO POR ICE? \u00a1LLAMAR YA! Noticias https:\/\/youtu.be\/nUueSXVt8ZUhttps:\/\/youtu.be\/nJenfhyjjIs No est\u00e1s solo: en Michael Brooks Jim\u00e9nez P.C. estamos aqu\u00ed para ayudarte, est\u00e9s donde est\u00e9s. Act\u00faa r\u00e1pido y completa el formulario a continuaci\u00f3n en cualquier momento u hora del d\u00eda. Nuestro equipo legal revisar\u00e1 tu caso y te contactar\u00e1 lo m\u00e1s pronto posible.\u00a0 Cuanto antes tengamos la informaci\u00f3n sobre lo sucedido, podremos tomar acci\u00f3n para luchar por la libertad de tu ser querido. Formulario Nombre de la persona detenida Nombre de la persona de contacto N\u00famero de contacto Email de la persona de contacto Nombre del centro de detenci\u00f3n o c\u00e1rcel Breve descripci\u00f3n de lo que pas\u00f3 Rescatemigratorio.com es un portal informativo y de contacto legal operado por Michael Brooks Jim\u00e9nez P.C. Completar este formulario no garantiza representaci\u00f3n legal, pero permite que nuestro equipo revise tu caso lo antes posible. Toda la informaci\u00f3n ser\u00e1 manejada con estricta confidencialidad y solo se usar\u00e1 para fines de asistencia legal.<\/p>","protected":false},"author":2,"featured_media":0,"parent":0,"menu_order":0,"comment_status":"closed","ping_status":"closed","template":"elementor_header_footer","meta":{"_joinchat":[],"footnotes":""},"class_list":["post-20","page","type-page","status-publish","hentry"],"yoast_head":"<!-- This site is optimized with the Yoast SEO plugin v27.5 - https:\/\/yoast.com\/product\/yoast-seo-wordpress\/ -->\n<title>Home - rescatemigratorio.com<\/title>\n<meta name=\"robots\" content=\"index, follow, max-snippet:-1, max-image-preview:large, max-video-preview:-1\" \/>\n<link rel=\"canonical\" href=\"https:\/\/rescatemigratorio.com\/en\/\" \/>\n<meta property=\"og:locale\" content=\"en_US\" \/>\n<meta property=\"og:type\" content=\"article\" \/>\n<meta property=\"og:title\" content=\"Home - rescatemigratorio.com\" \/>\n<meta property=\"og:description\" content=\"\u00bfALGUIEN QUE CONOCES FUE DETENIDO POR ICE? \u00a1LLAMAR YA! Noticias https:\/\/youtu.be\/nUueSXVt8ZUhttps:\/\/youtu.be\/nJenfhyjjIs No est\u00e1s solo: en Michael Brooks Jim\u00e9nez P.C. estamos aqu\u00ed para ayudarte, est\u00e9s donde est\u00e9s. Act\u00faa r\u00e1pido y completa el formulario a continuaci\u00f3n en cualquier momento u hora del d\u00eda. Nuestro equipo legal revisar\u00e1 tu caso y te contactar\u00e1 lo m\u00e1s pronto posible.\u00a0 Cuanto antes tengamos la informaci\u00f3n sobre lo sucedido, podremos tomar acci\u00f3n para luchar por la libertad de tu ser querido. Formulario Nombre de la persona detenida Nombre de la persona de contacto N\u00famero de contacto Email de la persona de contacto Nombre del centro de detenci\u00f3n o c\u00e1rcel Breve descripci\u00f3n de lo que pas\u00f3 Rescatemigratorio.com es un portal informativo y de contacto legal operado por Michael Brooks Jim\u00e9nez P.C. Completar este formulario no garantiza representaci\u00f3n legal, pero permite que nuestro equipo revise tu caso lo antes posible. Toda la informaci\u00f3n ser\u00e1 manejada con estricta confidencialidad y solo se usar\u00e1 para fines de asistencia legal.\" \/>\n<meta property=\"og:url\" content=\"https:\/\/rescatemigratorio.com\/en\/\" \/>\n<meta property=\"og:site_name\" content=\"rescatemigratorio.com\" \/>\n<meta property=\"article:publisher\" content=\"https:\/\/www.facebook.com\/elabogadodelacomunidad\" \/>\n<meta property=\"article:modified_time\" content=\"2025-09-10T23:20:43+00:00\" \/>\n<meta property=\"og:image\" content=\"https:\/\/rescatemigratorio.com\/wp-content\/uploads\/2025\/07\/rescate_migratorio_logo-inv.png\" \/>\n\t<meta property=\"og:image:width\" content=\"484\" \/>\n\t<meta property=\"og:image:height\" content=\"104\" \/>\n\t<meta property=\"og:image:type\" content=\"image\/png\" \/>\n<meta name=\"twitter:card\" content=\"summary_large_image\" \/>\n<meta name=\"twitter:label1\" content=\"Est. reading time\" \/>\n\t<meta name=\"twitter:data1\" content=\"1 minute\" \/>\n<script type=\"application\/ld+json\" class=\"yoast-schema-graph\">{\"@context\":\"https:\\\/\\\/schema.org\",\"@graph\":[{\"@type\":\"WebPage\",\"@id\":\"https:\\\/\\\/rescatemigratorio.com\\\/\",\"url\":\"https:\\\/\\\/rescatemigratorio.com\\\/\",\"name\":\"Home - rescatemigratorio.com\",\"isPartOf\":{\"@id\":\"https:\\\/\\\/rescatemigratorio.com\\\/#website\"},\"primaryImageOfPage\":{\"@id\":\"https:\\\/\\\/rescatemigratorio.com\\\/#primaryimage\"},\"image\":{\"@id\":\"https:\\\/\\\/rescatemigratorio.com\\\/#primaryimage\"},\"thumbnailUrl\":\"https:\\\/\\\/rescatemigratorio.com\\\/wp-content\\\/uploads\\\/2025\\\/07\\\/rescate_migratorio_logo-inv.png\",\"datePublished\":\"2025-07-18T05:41:04+00:00\",\"dateModified\":\"2025-09-10T23:20:43+00:00\",\"breadcrumb\":{\"@id\":\"https:\\\/\\\/rescatemigratorio.com\\\/#breadcrumb\"},\"inLanguage\":\"en-US\",\"potentialAction\":[{\"@type\":\"ReadAction\",\"target\":[\"https:\\\/\\\/rescatemigratorio.com\\\/\"]}]},{\"@type\":\"ImageObject\",\"inLanguage\":\"en-US\",\"@id\":\"https:\\\/\\\/rescatemigratorio.com\\\/#primaryimage\",\"url\":\"https:\\\/\\\/rescatemigratorio.com\\\/wp-content\\\/uploads\\\/2025\\\/07\\\/rescate_migratorio_logo-inv.png\",\"contentUrl\":\"https:\\\/\\\/rescatemigratorio.com\\\/wp-content\\\/uploads\\\/2025\\\/07\\\/rescate_migratorio_logo-inv.png\"},{\"@type\":\"BreadcrumbList\",\"@id\":\"https:\\\/\\\/rescatemigratorio.com\\\/#breadcrumb\",\"itemListElement\":[{\"@type\":\"ListItem\",\"position\":1,\"name\":\"Inicio\",\"item\":\"https:\\\/\\\/rescatemigratorio.com\\\/\"},{\"@type\":\"ListItem\",\"position\":2,\"name\":\"Home\"}]},{\"@type\":\"WebSite\",\"@id\":\"https:\\\/\\\/rescatemigratorio.com\\\/#website\",\"url\":\"https:\\\/\\\/rescatemigratorio.com\\\/\",\"name\":\"rescatemigratorio.com\",\"description\":\"\",\"publisher\":{\"@id\":\"https:\\\/\\\/rescatemigratorio.com\\\/#organization\"},\"potentialAction\":[{\"@type\":\"SearchAction\",\"target\":{\"@type\":\"EntryPoint\",\"urlTemplate\":\"https:\\\/\\\/rescatemigratorio.com\\\/?s={search_term_string}\"},\"query-input\":{\"@type\":\"PropertyValueSpecification\",\"valueRequired\":true,\"valueName\":\"search_term_string\"}}],\"inLanguage\":\"en-US\"},{\"@type\":\"Organization\",\"@id\":\"https:\\\/\\\/rescatemigratorio.com\\\/#organization\",\"name\":\"rescatemigratorio.com\",\"url\":\"https:\\\/\\\/rescatemigratorio.com\\\/\",\"logo\":{\"@type\":\"ImageObject\",\"inLanguage\":\"en-US\",\"@id\":\"https:\\\/\\\/rescatemigratorio.com\\\/#\\\/schema\\\/logo\\\/image\\\/\",\"url\":\"https:\\\/\\\/rescatemigratorio.com\\\/wp-content\\\/uploads\\\/2025\\\/07\\\/rescate_migratorio_logo.png\",\"contentUrl\":\"https:\\\/\\\/rescatemigratorio.com\\\/wp-content\\\/uploads\\\/2025\\\/07\\\/rescate_migratorio_logo.png\",\"width\":484,\"height\":104,\"caption\":\"rescatemigratorio.com\"},\"image\":{\"@id\":\"https:\\\/\\\/rescatemigratorio.com\\\/#\\\/schema\\\/logo\\\/image\\\/\"},\"sameAs\":[\"https:\\\/\\\/www.facebook.com\\\/elabogadodelacomunidad\"]}]}<\/script>\n<!-- \/ Yoast SEO plugin. -->","yoast_head_json":{"title":"Home - rescatemigratorio.com","robots":{"index":"index","follow":"follow","max-snippet":"max-snippet:-1","max-image-preview":"max-image-preview:large","max-video-preview":"max-video-preview:-1"},"canonical":"https:\/\/rescatemigratorio.com\/en\/","og_locale":"en_US","og_type":"article","og_title":"Home - rescatemigratorio.com","og_description":"\u00bfALGUIEN QUE CONOCES FUE DETENIDO POR ICE? \u00a1LLAMAR YA! Noticias https:\/\/youtu.be\/nUueSXVt8ZUhttps:\/\/youtu.be\/nJenfhyjjIs No est\u00e1s solo: en Michael Brooks Jim\u00e9nez P.C. estamos aqu\u00ed para ayudarte, est\u00e9s donde est\u00e9s. Act\u00faa r\u00e1pido y completa el formulario a continuaci\u00f3n en cualquier momento u hora del d\u00eda. Nuestro equipo legal revisar\u00e1 tu caso y te contactar\u00e1 lo m\u00e1s pronto posible.\u00a0 Cuanto antes tengamos la informaci\u00f3n sobre lo sucedido, podremos tomar acci\u00f3n para luchar por la libertad de tu ser querido. Formulario Nombre de la persona detenida Nombre de la persona de contacto N\u00famero de contacto Email de la persona de contacto Nombre del centro de detenci\u00f3n o c\u00e1rcel Breve descripci\u00f3n de lo que pas\u00f3 Rescatemigratorio.com es un portal informativo y de contacto legal operado por Michael Brooks Jim\u00e9nez P.C. Completar este formulario no garantiza representaci\u00f3n legal, pero permite que nuestro equipo revise tu caso lo antes posible. Toda la informaci\u00f3n ser\u00e1 manejada con estricta confidencialidad y solo se usar\u00e1 para fines de asistencia legal.","og_url":"https:\/\/rescatemigratorio.com\/en\/","og_site_name":"rescatemigratorio.com","article_publisher":"https:\/\/www.facebook.com\/elabogadodelacomunidad","article_modified_time":"2025-09-10T23:20:43+00:00","og_image":[{"width":484,"height":104,"url":"https:\/\/rescatemigratorio.com\/wp-content\/uploads\/2025\/07\/rescate_migratorio_logo-inv.png","type":"image\/png"}],"twitter_card":"summary_large_image","twitter_misc":{"Est. reading time":"1 minute"},"schema":{"@context":"https:\/\/schema.org","@graph":[{"@type":"WebPage","@id":"https:\/\/rescatemigratorio.com\/","url":"https:\/\/rescatemigratorio.com\/","name":"Home - rescatemigratorio.com","isPartOf":{"@id":"https:\/\/rescatemigratorio.com\/#website"},"primaryImageOfPage":{"@id":"https:\/\/rescatemigratorio.com\/#primaryimage"},"image":{"@id":"https:\/\/rescatemigratorio.com\/#primaryimage"},"thumbnailUrl":"https:\/\/rescatemigratorio.com\/wp-content\/uploads\/2025\/07\/rescate_migratorio_logo-inv.png","datePublished":"2025-07-18T05:41:04+00:00","dateModified":"2025-09-10T23:20:43+00:00","breadcrumb":{"@id":"https:\/\/rescatemigratorio.com\/#breadcrumb"},"inLanguage":"en-US","potentialAction":[{"@type":"ReadAction","target":["https:\/\/rescatemigratorio.com\/"]}]},{"@type":"ImageObject","inLanguage":"en-US","@id":"https:\/\/rescatemigratorio.com\/#primaryimage","url":"https:\/\/rescatemigratorio.com\/wp-content\/uploads\/2025\/07\/rescate_migratorio_logo-inv.png","contentUrl":"https:\/\/rescatemigratorio.com\/wp-content\/uploads\/2025\/07\/rescate_migratorio_logo-inv.png"},{"@type":"BreadcrumbList","@id":"https:\/\/rescatemigratorio.com\/#breadcrumb","itemListElement":[{"@type":"ListItem","position":1,"name":"Inicio","item":"https:\/\/rescatemigratorio.com\/"},{"@type":"ListItem","position":2,"name":"Home"}]},{"@type":"WebSite","@id":"https:\/\/rescatemigratorio.com\/#website","url":"https:\/\/rescatemigratorio.com\/","name":"rescatemigratorio.com","description":"","publisher":{"@id":"https:\/\/rescatemigratorio.com\/#organization"},"potentialAction":[{"@type":"SearchAction","target":{"@type":"EntryPoint","urlTemplate":"https:\/\/rescatemigratorio.com\/?s={search_term_string}"},"query-input":{"@type":"PropertyValueSpecification","valueRequired":true,"valueName":"search_term_string"}}],"inLanguage":"en-US"},{"@type":"Organization","@id":"https:\/\/rescatemigratorio.com\/#organization","name":"rescatemigratorio.com","url":"https:\/\/rescatemigratorio.com\/","logo":{"@type":"ImageObject","inLanguage":"en-US","@id":"https:\/\/rescatemigratorio.com\/#\/schema\/logo\/image\/","url":"https:\/\/rescatemigratorio.com\/wp-content\/uploads\/2025\/07\/rescate_migratorio_logo.png","contentUrl":"https:\/\/rescatemigratorio.com\/wp-content\/uploads\/2025\/07\/rescate_migratorio_logo.png","width":484,"height":104,"caption":"rescatemigratorio.com"},"image":{"@id":"https:\/\/rescatemigratorio.com\/#\/schema\/logo\/image\/"},"sameAs":["https:\/\/www.facebook.com\/elabogadodelacomunidad"]}]}},"_links":{"self":[{"href":"https:\/\/rescatemigratorio.com\/en\/wp-json\/wp\/v2\/pages\/20","targetHints":{"allow":["GET"]}}],"collection":[{"href":"https:\/\/rescatemigratorio.com\/en\/wp-json\/wp\/v2\/pages"}],"about":[{"href":"https:\/\/rescatemigratorio.com\/en\/wp-json\/wp\/v2\/types\/page"}],"author":[{"embeddable":true,"href":"https:\/\/rescatemigratorio.com\/en\/wp-json\/wp\/v2\/users\/2"}],"replies":[{"embeddable":true,"href":"https:\/\/rescatemigratorio.com\/en\/wp-json\/wp\/v2\/comments?post=20"}],"version-history":[{"count":67,"href":"https:\/\/rescatemigratorio.com\/en\/wp-json\/wp\/v2\/pages\/20\/revisions"}],"predecessor-version":[{"id":161,"href":"https:\/\/rescatemigratorio.com\/en\/wp-json\/wp\/v2\/pages\/20\/revisions\/161"}],"wp:attachment":[{"href":"https:\/\/rescatemigratorio.com\/en\/wp-json\/wp\/v2\/media?parent=20"}],"curies":[{"name":"wp","href":"https:\/\/api.w.org\/{rel}","templated":true}]}}