{"id":135,"date":"2025-09-10T22:40:46","date_gmt":"2025-09-10T22:40:46","guid":{"rendered":"https:\/\/rescatemigratorio.com\/?page_id=135"},"modified":"2025-09-11T00:19:52","modified_gmt":"2025-09-11T00:19:52","slug":"noticias","status":"publish","type":"page","link":"https:\/\/rescatemigratorio.com\/en\/noticias\/","title":{"rendered":"News"},"content":{"rendered":"<div data-elementor-type=\"wp-page\" data-elementor-id=\"135\" class=\"elementor elementor-135\" data-elementor-post-type=\"page\">\n\t\t\t\t<div class=\"elementor-element elementor-element-fecedde e-flex e-con-boxed wpr-particle-no wpr-jarallax-no wpr-parallax-no wpr-sticky-section-no wpr-equal-height-no e-con e-parent\" data-id=\"fecedde\" data-element_type=\"container\" data-e-type=\"container\" data-settings=\"{&quot;background_background&quot;:&quot;classic&quot;}\">\n\t\t\t\t\t<div class=\"e-con-inner\">\n\t\t\t\t<div class=\"elementor-element elementor-element-8d8da04 elementor-widget elementor-widget-spacer\" data-id=\"8d8da04\" data-element_type=\"widget\" data-e-type=\"widget\" data-widget_type=\"spacer.default\">\n\t\t\t\t<div class=\"elementor-widget-container\">\n\t\t\t\t\t\t\t<div class=\"elementor-spacer\">\n\t\t\t<div class=\"elementor-spacer-inner\"><\/div>\n\t\t<\/div>\n\t\t\t\t\t\t<\/div>\n\t\t\t\t<\/div>\n\t\t\t\t<div class=\"elementor-element elementor-element-9060fd8 elementor-widget elementor-widget-heading\" data-id=\"9060fd8\" data-element_type=\"widget\" data-e-type=\"widget\" data-widget_type=\"heading.default\">\n\t\t\t\t<div class=\"elementor-widget-container\">\n\t\t\t\t\t<h2 class=\"elementor-heading-title elementor-size-default\">News<\/h2>\t\t\t\t<\/div>\n\t\t\t\t<\/div>\n\t\t\t\t\t<\/div>\n\t\t\t\t<\/div>\n\t\t<div class=\"elementor-element elementor-element-12915a7 e-flex e-con-boxed wpr-particle-no wpr-jarallax-no wpr-parallax-no wpr-sticky-section-no wpr-equal-height-no e-con e-parent\" data-id=\"12915a7\" data-element_type=\"container\" data-e-type=\"container\" data-settings=\"{&quot;background_background&quot;:&quot;classic&quot;}\">\n\t\t\t\t\t<div class=\"e-con-inner\">\n\t\t<div class=\"elementor-element elementor-element-9956a6e e-con-full e-flex wpr-particle-no wpr-jarallax-no wpr-parallax-no wpr-sticky-section-no wpr-equal-height-no e-con e-child\" data-id=\"9956a6e\" data-element_type=\"container\" data-e-type=\"container\">\n\t\t\t\t<div class=\"elementor-element elementor-element-0bc7839 elementor-widget elementor-widget-elementskit-blog-posts\" data-id=\"0bc7839\" data-element_type=\"widget\" data-e-type=\"widget\" data-widget_type=\"elementskit-blog-posts.default\">\n\t\t\t\t<div class=\"elementor-widget-container\">\n\t\t\t\t\t<div class=\"ekit-wid-con\" >        <div id=\"post-items--0bc7839\" class=\"row post-items\">\n                    <div class=\"col-lg-4 col-md-6\">\n\n                                    <div class=\"elementskit-post-image-card\">\n                        <div class=\"elementskit-entry-header\">\n                                                            <a href=\"https:\/\/rescatemigratorio.com\/en\/rescate-migratorio-apoyo-ante-detenciones-y-operativos-en-aeropuertos\/\" class=\"elementskit-entry-thumb\">\n                                    <img decoding=\"async\" src=\"https:\/\/rescatemigratorio.com\/wp-content\/uploads\/2026\/04\/Rescate-Migratorio-Operaciones-migratorias-scaled.jpg\" alt=\"Rescate Migratorio: Apoyo ante detenciones y operativos en aeropuertos\">\n                                <\/a><!-- .elementskit-entry-thumb END -->\n                                                            \n                            \n\t\t\t\t\t\t\t\t\t\t\t\t\t<\/div><!-- .elementskit-entry-header END -->\n\n\t\t\t\t\t\t<div class=\"elementskit-post-body\">\n\t\t\t\t\t\t\t\n\t\t\t\t\t\t\t\t\t\t\t\t\t\t\t\t\t\t\t\t\t\t\t\t\t\n\t\t\t\t\t\t\t\t\n\t\t\t\t\t\t\t\t\t\t\t\t\t\t\t\t\t\t\t\t\t<h2 class=\"entry-title\">\n\t\t\t\t\t<a href=\"https:\/\/rescatemigratorio.com\/en\/rescate-migratorio-apoyo-ante-detenciones-y-operativos-en-aeropuertos\/\">\n\t\t\t\t\t\tRescate Migratorio: Apoyo ante detenciones y operativos en aeropuertos\t\t\t\t\t<\/a>\n\t\t\t\t<\/h2>\n\t\t\t\t\t\t\t\t\t\t\t\t\t\t\t\t\t\t\t\t\t\t\t\t\t\t\t\t\t\t\t\t\t\t\t\t\t\t\t\t\t\t<p>Cuando un familiar es detenido por autoridades migratorias, la incertidumbre&hellip;<\/p>\n\t\t\t\t\t\t\t\t\t\t\t\t\t\t\t\t\t\t\t\t\t\t                                                            <div class=\"btn-wraper\">\n                                    \n                                                                            <a class=\"elementskit-btn whitespace--normal\" id=\"\" href=\"https:\/\/rescatemigratorio.com\/en\/rescate-migratorio-apoyo-ante-detenciones-y-operativos-en-aeropuertos\/\">\n                                        \t                                            Learn more                                        <\/a>\n                                                                    <\/div>\n                                                    <\/div><!-- .elementskit-post-body END -->\n                    <\/div>\n                \n            <\/div>\n                    <div class=\"col-lg-4 col-md-6\">\n\n                                    <div class=\"elementskit-post-image-card\">\n                        <div class=\"elementskit-entry-header\">\n                                                            <a href=\"https:\/\/rescatemigratorio.com\/en\/rescate-migratorio-portal-informativo-con-apoyo-legal-para-familias-de-detenidos\/\" class=\"elementskit-entry-thumb\">\n                                    <img decoding=\"async\" src=\"https:\/\/rescatemigratorio.com\/wp-content\/uploads\/2026\/03\/Rescate-Migratorio-scaled.jpg\" alt=\"Rescate Migratorio: Portal Informativo con apoyo legal para familias de detenidos\">\n                                <\/a><!-- .elementskit-entry-thumb END -->\n                                                            \n                            \n\t\t\t\t\t\t\t\t\t\t\t\t\t<\/div><!-- .elementskit-entry-header END -->\n\n\t\t\t\t\t\t<div class=\"elementskit-post-body\">\n\t\t\t\t\t\t\t\n\t\t\t\t\t\t\t\t\t\t\t\t\t\t\t\t\t\t\t\t\t\t\t\t\t\n\t\t\t\t\t\t\t\t\n\t\t\t\t\t\t\t\t\t\t\t\t\t\t\t\t\t\t\t\t\t<h2 class=\"entry-title\">\n\t\t\t\t\t<a href=\"https:\/\/rescatemigratorio.com\/en\/rescate-migratorio-portal-informativo-con-apoyo-legal-para-familias-de-detenidos\/\">\n\t\t\t\t\t\tRescate Migratorio: Portal Informativo con apoyo legal para familias de detenidos\t\t\t\t\t<\/a>\n\t\t\t\t<\/h2>\n\t\t\t\t\t\t\t\t\t\t\t\t\t\t\t\t\t\t\t\t\t\t\t\t\t\t\t\t\t\t\t\t\t\t\t\t\t\t\t\t\t\t<p>Rescate Migratorio es un portal informativo y de contacto legal&hellip;<\/p>\n\t\t\t\t\t\t\t\t\t\t\t\t\t\t\t\t\t\t\t\t\t\t                                                            <div class=\"btn-wraper\">\n                                    \n                                                                            <a class=\"elementskit-btn whitespace--normal\" id=\"\" href=\"https:\/\/rescatemigratorio.com\/en\/rescate-migratorio-portal-informativo-con-apoyo-legal-para-familias-de-detenidos\/\">\n                                        \t                                            Learn more                                        <\/a>\n                                                                    <\/div>\n                                                    <\/div><!-- .elementskit-post-body END -->\n                    <\/div>\n                \n            <\/div>\n                    <div class=\"col-lg-4 col-md-6\">\n\n                                    <div class=\"elementskit-post-image-card\">\n                        <div class=\"elementskit-entry-header\">\n                                                            <a href=\"https:\/\/rescatemigratorio.com\/en\/fianzas-migratorias-como-funcionan-y-que-hacer-si-un-familiar-esta-detenido-por-ice\/\" class=\"elementskit-entry-thumb\">\n                                    <img decoding=\"async\" src=\"https:\/\/rescatemigratorio.com\/wp-content\/uploads\/2026\/02\/Fianzas-Migratorias-scaled.jpg\" alt=\"Fianzas migratorias: c\u00f3mo funcionan y qu\u00e9 hacer si un familiar est\u00e1 detenido por ICE\">\n                                <\/a><!-- .elementskit-entry-thumb END -->\n                                                            \n                            \n\t\t\t\t\t\t\t\t\t\t\t\t\t<\/div><!-- .elementskit-entry-header END -->\n\n\t\t\t\t\t\t<div class=\"elementskit-post-body\">\n\t\t\t\t\t\t\t\n\t\t\t\t\t\t\t\t\t\t\t\t\t\t\t\t\t\t\t\t\t\t\t\t\t\n\t\t\t\t\t\t\t\t\n\t\t\t\t\t\t\t\t\t\t\t\t\t\t\t\t\t\t\t\t\t<h2 class=\"entry-title\">\n\t\t\t\t\t<a href=\"https:\/\/rescatemigratorio.com\/en\/fianzas-migratorias-como-funcionan-y-que-hacer-si-un-familiar-esta-detenido-por-ice\/\">\n\t\t\t\t\t\tFianzas migratorias: c\u00f3mo funcionan y qu\u00e9 hacer si un familiar est\u00e1 detenido por ICE\t\t\t\t\t<\/a>\n\t\t\t\t<\/h2>\n\t\t\t\t\t\t\t\t\t\t\t\t\t\t\t\t\t\t\t\t\t\t\t\t\t\t\t\t\t\t\t\t\t\t\t\t\t\t\t\t\t\t<p>Cuando un familiar es detenido por ICE, la primera pregunta&hellip;<\/p>\n\t\t\t\t\t\t\t\t\t\t\t\t\t\t\t\t\t\t\t\t\t\t                                                            <div class=\"btn-wraper\">\n                                    \n                                                                            <a class=\"elementskit-btn whitespace--normal\" id=\"\" href=\"https:\/\/rescatemigratorio.com\/en\/fianzas-migratorias-como-funcionan-y-que-hacer-si-un-familiar-esta-detenido-por-ice\/\">\n                                        \t                                            Learn more                                        <\/a>\n                                                                    <\/div>\n                                                    <\/div><!-- .elementskit-post-body END -->\n                    <\/div>\n                \n            <\/div>\n                <\/div>\n       <\/div>\t\t\t\t<\/div>\n\t\t\t\t<\/div>\n\t\t\t\t<\/div>\n\t\t\t\t\t<\/div>\n\t\t\t\t<\/div>\n\t\t\t\t<\/div>","protected":false},"excerpt":{"rendered":"<p>Noticias Hello world! Lorem ipsum dolor sit amet, consectetur adipiscing elit. Phasellus faucibus&hellip; Leer m\u00e1s<\/p>","protected":false},"author":2,"featured_media":0,"parent":0,"menu_order":0,"comment_status":"closed","ping_status":"closed","template":"elementor_header_footer","meta":{"_joinchat":[],"footnotes":""},"class_list":["post-135","page","type-page","status-publish","hentry"],"yoast_head":"<!-- This site is optimized with the Yoast SEO plugin v27.5 - https:\/\/yoast.com\/product\/yoast-seo-wordpress\/ -->\n<title>Noticias - rescatemigratorio.com<\/title>\n<meta name=\"robots\" content=\"index, follow, max-snippet:-1, max-image-preview:large, max-video-preview:-1\" \/>\n<link rel=\"canonical\" href=\"https:\/\/rescatemigratorio.com\/en\/noticias\/\" \/>\n<meta property=\"og:locale\" content=\"en_US\" \/>\n<meta property=\"og:type\" content=\"article\" \/>\n<meta property=\"og:title\" content=\"Noticias - rescatemigratorio.com\" \/>\n<meta property=\"og:description\" content=\"Noticias Hello world! Lorem ipsum dolor sit amet, consectetur adipiscing elit. Phasellus faucibus&hellip; Leer m\u00e1s\" \/>\n<meta property=\"og:url\" content=\"https:\/\/rescatemigratorio.com\/en\/noticias\/\" \/>\n<meta property=\"og:site_name\" content=\"rescatemigratorio.com\" \/>\n<meta property=\"article:publisher\" content=\"https:\/\/www.facebook.com\/elabogadodelacomunidad\" \/>\n<meta property=\"article:modified_time\" content=\"2025-09-11T00:19:52+00:00\" \/>\n<meta property=\"og:image\" content=\"https:\/\/rescatemigratorio.com\/wp-content\/uploads\/2025\/06\/mt-sample-background.jpg\" \/>\n<meta name=\"twitter:card\" content=\"summary_large_image\" \/>\n<script type=\"application\/ld+json\" class=\"yoast-schema-graph\">{\"@context\":\"https:\\\/\\\/schema.org\",\"@graph\":[{\"@type\":\"WebPage\",\"@id\":\"https:\\\/\\\/rescatemigratorio.com\\\/noticias\\\/\",\"url\":\"https:\\\/\\\/rescatemigratorio.com\\\/noticias\\\/\",\"name\":\"Noticias - rescatemigratorio.com\",\"isPartOf\":{\"@id\":\"https:\\\/\\\/rescatemigratorio.com\\\/#website\"},\"primaryImageOfPage\":{\"@id\":\"https:\\\/\\\/rescatemigratorio.com\\\/noticias\\\/#primaryimage\"},\"image\":{\"@id\":\"https:\\\/\\\/rescatemigratorio.com\\\/noticias\\\/#primaryimage\"},\"thumbnailUrl\":\"https:\\\/\\\/rescatemigratorio.com\\\/wp-content\\\/uploads\\\/2025\\\/06\\\/mt-sample-background.jpg\",\"datePublished\":\"2025-09-10T22:40:46+00:00\",\"dateModified\":\"2025-09-11T00:19:52+00:00\",\"breadcrumb\":{\"@id\":\"https:\\\/\\\/rescatemigratorio.com\\\/noticias\\\/#breadcrumb\"},\"inLanguage\":\"en-US\",\"potentialAction\":[{\"@type\":\"ReadAction\",\"target\":[\"https:\\\/\\\/rescatemigratorio.com\\\/noticias\\\/\"]}]},{\"@type\":\"ImageObject\",\"inLanguage\":\"en-US\",\"@id\":\"https:\\\/\\\/rescatemigratorio.com\\\/noticias\\\/#primaryimage\",\"url\":\"https:\\\/\\\/rescatemigratorio.com\\\/wp-content\\\/uploads\\\/2025\\\/06\\\/mt-sample-background.jpg\",\"contentUrl\":\"https:\\\/\\\/rescatemigratorio.com\\\/wp-content\\\/uploads\\\/2025\\\/06\\\/mt-sample-background.jpg\"},{\"@type\":\"BreadcrumbList\",\"@id\":\"https:\\\/\\\/rescatemigratorio.com\\\/noticias\\\/#breadcrumb\",\"itemListElement\":[{\"@type\":\"ListItem\",\"position\":1,\"name\":\"Inicio\",\"item\":\"https:\\\/\\\/rescatemigratorio.com\\\/\"},{\"@type\":\"ListItem\",\"position\":2,\"name\":\"Noticias\"}]},{\"@type\":\"WebSite\",\"@id\":\"https:\\\/\\\/rescatemigratorio.com\\\/#website\",\"url\":\"https:\\\/\\\/rescatemigratorio.com\\\/\",\"name\":\"rescatemigratorio.com\",\"description\":\"\",\"publisher\":{\"@id\":\"https:\\\/\\\/rescatemigratorio.com\\\/#organization\"},\"potentialAction\":[{\"@type\":\"SearchAction\",\"target\":{\"@type\":\"EntryPoint\",\"urlTemplate\":\"https:\\\/\\\/rescatemigratorio.com\\\/?s={search_term_string}\"},\"query-input\":{\"@type\":\"PropertyValueSpecification\",\"valueRequired\":true,\"valueName\":\"search_term_string\"}}],\"inLanguage\":\"en-US\"},{\"@type\":\"Organization\",\"@id\":\"https:\\\/\\\/rescatemigratorio.com\\\/#organization\",\"name\":\"rescatemigratorio.com\",\"url\":\"https:\\\/\\\/rescatemigratorio.com\\\/\",\"logo\":{\"@type\":\"ImageObject\",\"inLanguage\":\"en-US\",\"@id\":\"https:\\\/\\\/rescatemigratorio.com\\\/#\\\/schema\\\/logo\\\/image\\\/\",\"url\":\"https:\\\/\\\/rescatemigratorio.com\\\/wp-content\\\/uploads\\\/2025\\\/07\\\/rescate_migratorio_logo.png\",\"contentUrl\":\"https:\\\/\\\/rescatemigratorio.com\\\/wp-content\\\/uploads\\\/2025\\\/07\\\/rescate_migratorio_logo.png\",\"width\":484,\"height\":104,\"caption\":\"rescatemigratorio.com\"},\"image\":{\"@id\":\"https:\\\/\\\/rescatemigratorio.com\\\/#\\\/schema\\\/logo\\\/image\\\/\"},\"sameAs\":[\"https:\\\/\\\/www.facebook.com\\\/elabogadodelacomunidad\"]}]}<\/script>\n<!-- \/ Yoast SEO plugin. -->","yoast_head_json":{"title":"Noticias - rescatemigratorio.com","robots":{"index":"index","follow":"follow","max-snippet":"max-snippet:-1","max-image-preview":"max-image-preview:large","max-video-preview":"max-video-preview:-1"},"canonical":"https:\/\/rescatemigratorio.com\/en\/noticias\/","og_locale":"en_US","og_type":"article","og_title":"Noticias - rescatemigratorio.com","og_description":"Noticias Hello world! Lorem ipsum dolor sit amet, consectetur adipiscing elit. Phasellus faucibus&hellip; Leer m\u00e1s","og_url":"https:\/\/rescatemigratorio.com\/en\/noticias\/","og_site_name":"rescatemigratorio.com","article_publisher":"https:\/\/www.facebook.com\/elabogadodelacomunidad","article_modified_time":"2025-09-11T00:19:52+00:00","og_image":[{"url":"https:\/\/rescatemigratorio.com\/wp-content\/uploads\/2025\/06\/mt-sample-background.jpg","type":"","width":"","height":""}],"twitter_card":"summary_large_image","schema":{"@context":"https:\/\/schema.org","@graph":[{"@type":"WebPage","@id":"https:\/\/rescatemigratorio.com\/noticias\/","url":"https:\/\/rescatemigratorio.com\/noticias\/","name":"Noticias - rescatemigratorio.com","isPartOf":{"@id":"https:\/\/rescatemigratorio.com\/#website"},"primaryImageOfPage":{"@id":"https:\/\/rescatemigratorio.com\/noticias\/#primaryimage"},"image":{"@id":"https:\/\/rescatemigratorio.com\/noticias\/#primaryimage"},"thumbnailUrl":"https:\/\/rescatemigratorio.com\/wp-content\/uploads\/2025\/06\/mt-sample-background.jpg","datePublished":"2025-09-10T22:40:46+00:00","dateModified":"2025-09-11T00:19:52+00:00","breadcrumb":{"@id":"https:\/\/rescatemigratorio.com\/noticias\/#breadcrumb"},"inLanguage":"en-US","potentialAction":[{"@type":"ReadAction","target":["https:\/\/rescatemigratorio.com\/noticias\/"]}]},{"@type":"ImageObject","inLanguage":"en-US","@id":"https:\/\/rescatemigratorio.com\/noticias\/#primaryimage","url":"https:\/\/rescatemigratorio.com\/wp-content\/uploads\/2025\/06\/mt-sample-background.jpg","contentUrl":"https:\/\/rescatemigratorio.com\/wp-content\/uploads\/2025\/06\/mt-sample-background.jpg"},{"@type":"BreadcrumbList","@id":"https:\/\/rescatemigratorio.com\/noticias\/#breadcrumb","itemListElement":[{"@type":"ListItem","position":1,"name":"Inicio","item":"https:\/\/rescatemigratorio.com\/"},{"@type":"ListItem","position":2,"name":"Noticias"}]},{"@type":"WebSite","@id":"https:\/\/rescatemigratorio.com\/#website","url":"https:\/\/rescatemigratorio.com\/","name":"rescatemigratorio.com","description":"","publisher":{"@id":"https:\/\/rescatemigratorio.com\/#organization"},"potentialAction":[{"@type":"SearchAction","target":{"@type":"EntryPoint","urlTemplate":"https:\/\/rescatemigratorio.com\/?s={search_term_string}"},"query-input":{"@type":"PropertyValueSpecification","valueRequired":true,"valueName":"search_term_string"}}],"inLanguage":"en-US"},{"@type":"Organization","@id":"https:\/\/rescatemigratorio.com\/#organization","name":"rescatemigratorio.com","url":"https:\/\/rescatemigratorio.com\/","logo":{"@type":"ImageObject","inLanguage":"en-US","@id":"https:\/\/rescatemigratorio.com\/#\/schema\/logo\/image\/","url":"https:\/\/rescatemigratorio.com\/wp-content\/uploads\/2025\/07\/rescate_migratorio_logo.png","contentUrl":"https:\/\/rescatemigratorio.com\/wp-content\/uploads\/2025\/07\/rescate_migratorio_logo.png","width":484,"height":104,"caption":"rescatemigratorio.com"},"image":{"@id":"https:\/\/rescatemigratorio.com\/#\/schema\/logo\/image\/"},"sameAs":["https:\/\/www.facebook.com\/elabogadodelacomunidad"]}]}},"_links":{"self":[{"href":"https:\/\/rescatemigratorio.com\/en\/wp-json\/wp\/v2\/pages\/135","targetHints":{"allow":["GET"]}}],"collection":[{"href":"https:\/\/rescatemigratorio.com\/en\/wp-json\/wp\/v2\/pages"}],"about":[{"href":"https:\/\/rescatemigratorio.com\/en\/wp-json\/wp\/v2\/types\/page"}],"author":[{"embeddable":true,"href":"https:\/\/rescatemigratorio.com\/en\/wp-json\/wp\/v2\/users\/2"}],"replies":[{"embeddable":true,"href":"https:\/\/rescatemigratorio.com\/en\/wp-json\/wp\/v2\/comments?post=135"}],"version-history":[{"count":17,"href":"https:\/\/rescatemigratorio.com\/en\/wp-json\/wp\/v2\/pages\/135\/revisions"}],"predecessor-version":[{"id":169,"href":"https:\/\/rescatemigratorio.com\/en\/wp-json\/wp\/v2\/pages\/135\/revisions\/169"}],"wp:attachment":[{"href":"https:\/\/rescatemigratorio.com\/en\/wp-json\/wp\/v2\/media?parent=135"}],"curies":[{"name":"wp","href":"https:\/\/api.w.org\/{rel}","templated":true}]}}